{"id":21,"date":"2020-05-14T08:38:40","date_gmt":"2020-05-14T08:38:40","guid":{"rendered":"http:\/\/u18brandenburg.de\/?page_id=21"},"modified":"2021-04-07T10:43:36","modified_gmt":"2021-04-07T10:43:36","slug":"was-ist-u18","status":"publish","type":"page","link":"https:\/\/u18brandenburg.de\/?page_id=21","title":{"rendered":"Was ist U18?"},"content":{"rendered":"\n<p>U18 als Projekt der politischen Bildung gibt es seit 1996 und setzt sich daf\u00fcr ein, dass auch Kinder und Jugendliche unter 18 Jahren w\u00e4hlen und somit politisch mitbestimmen k\u00f6nnen, was in ihrem Lebensumfeld passiert. Durch U18-Wahlen, die analog zu den \u201eechten\u201c Wahlen immer neun Tage vor dem offiziellen Wahltermin durchgef\u00fchrt werden, sollen junge Menschen darin unterst\u00fctzt werden, Politik zu verstehen, Unterschiede in den Partei- und Wahlprogrammen zu erkennen und Versprechen von Politikerinnen und Politikern zu hinterfragen. Kinder und Jugendliche sollen ihre eigenen Interessen erkennen und formulieren lernen, selbst Antworten auf politische Fragen finden &#8211; und aktiv ihre eigene Lebenswelt mitgestalten. Aus Neugierde w\u00e4chst schlie\u00dflich politische Bildung.<\/p>\n\n\n\n<p class=\"has-large-font-size\"><strong>Wie funktioniert U18?<\/strong><\/p>\n\n\n\n<p>Das Wichtigste ganz kurz: Eure Anmeldung eines U18-Wahllokals ist gleichzeitig so eine Art Bekanntmachung, dass ihr vorhabt bei der U18-Wahl mitzumachen. Dabei ist aber niemand zu irgendetwas jemals verpflichtet, man unterschreibt hier ja keinen Vertrag. Wahllokale k\u00f6nnen sich sehr leicht anmelden. <\/p>\n\n\n\n<p><strong>Das Verfolgen parteipolitischer Interessen durch U18 ist nicht erlaubt. Alle Parteien und ihre Unterorganisationen sind als Veranstaltende aus diesem Grund ausgeschlossen!<\/strong><\/p>\n\n\n\n<p>W\u00e4hlen und Mitmachen d\u00fcrfen ALLE unter 18-J\u00e4hrigen in Deutschland und an deutschen Schulen im Ausland. Ungeachtet von Status, Schuhgr\u00f6\u00dfe, Geschlecht, Anorakfarbe, Musikgeschmack und Religion.<\/p>\n\n\n\n<p>Zur Unterst\u00fctzung der Wahllokale und Einrichtungen stellen die Koordinierungsstellen rechtzeitig eine \u00dcbersicht der&nbsp; politischen Inhalte der zur Wahl stehenden Parteien zur Verf\u00fcgung. Auch bew\u00e4hrte Methoden der Gruppenarbeit gibt es als <a rel=\"noreferrer noopener\" href=\"https:\/\/www.u18.org\/fileadmin\/user_upload\/U18_Euro19\/Methoden\/U18Berlin_-Methodenhandbuch.pdf\" target=\"_blank\">Download<\/a>. Veranstaltungen mit lokalen Zeitungen und Diskussionen mit Wahlkreiskandidatinnen und -kandidaten sollen die M\u00f6glichkeit f\u00fcr eine freie, informierte Meinungsbildung schaffen. U18 ist eine Chance, Kenntnisse zu demokratischen Prinzipien, Wahlen und Parteien zu erlangen &#8211; ohne dass es eine Schwelle am Eingang gibt.<\/p>\n\n\n\n<p class=\"has-text-align-right has-primary-color has-text-color\">Mehr Infos gibt es auf <a rel=\"noreferrer noopener\" href=\"http:\/\/www.u18.org\" target=\"_blank\">u18.org<\/a><\/p>\n","protected":false},"excerpt":{"rendered":"<p>U18 als Projekt der politischen Bildung gibt es seit 1996 und setzt sich daf\u00fcr ein, dass auch Kinder und Jugendliche unter 18 Jahren w\u00e4hlen und somit politisch mitbestimmen k\u00f6nnen, was in ihrem Lebensumfeld passiert. Durch &hellip;<\/p>\n","protected":false},"author":1,"featured_media":0,"parent":9,"menu_order":0,"comment_status":"closed","ping_status":"closed","template":"","meta":{"footnotes":""},"class_list":["post-21","page","type-page","status-publish","hentry"],"_links":{"self":[{"href":"https:\/\/u18brandenburg.de\/index.php?rest_route=\/wp\/v2\/pages\/21","targetHints":{"allow":["GET"]}}],"collection":[{"href":"https:\/\/u18brandenburg.de\/index.php?rest_route=\/wp\/v2\/pages"}],"about":[{"href":"https:\/\/u18brandenburg.de\/index.php?rest_route=\/wp\/v2\/types\/page"}],"author":[{"embeddable":true,"href":"https:\/\/u18brandenburg.de\/index.php?rest_route=\/wp\/v2\/users\/1"}],"replies":[{"embeddable":true,"href":"https:\/\/u18brandenburg.de\/index.php?rest_route=%2Fwp%2Fv2%2Fcomments&post=21"}],"version-history":[{"count":9,"href":"https:\/\/u18brandenburg.de\/index.php?rest_route=\/wp\/v2\/pages\/21\/revisions"}],"predecessor-version":[{"id":283,"href":"https:\/\/u18brandenburg.de\/index.php?rest_route=\/wp\/v2\/pages\/21\/revisions\/283"}],"up":[{"embeddable":true,"href":"https:\/\/u18brandenburg.de\/index.php?rest_route=\/wp\/v2\/pages\/9"}],"wp:attachment":[{"href":"https:\/\/u18brandenburg.de\/index.php?rest_route=%2Fwp%2Fv2%2Fmedia&parent=21"}],"curies":[{"name":"wp","href":"https:\/\/api.w.org\/{rel}","templated":true}]}}